{"id":10886,"date":"2022-06-07T17:51:22","date_gmt":"2022-06-07T17:51:22","guid":{"rendered":"https:\/\/amaginecologiaeobstetricia.com.br\/?page_id=10886"},"modified":"2022-06-07T18:05:17","modified_gmt":"2022-06-07T18:05:17","slug":"perguntas-frequentes","status":"publish","type":"page","link":"https:\/\/www.amaclinicadamulher.com.br\/?page_id=10886","title":{"rendered":"Perguntas Frequentes"},"content":{"rendered":"\t\t<div data-elementor-type=\"wp-page\" data-elementor-id=\"10886\" class=\"elementor elementor-10886\">\n\t\t\t\t\t\t\t\t\t<section data-particle_enable=\"false\" data-particle-mobile-disabled=\"false\" class=\"elementor-section elementor-top-section elementor-element elementor-element-f00cd42 elementor-section-boxed elementor-section-height-default elementor-section-height-default\" data-id=\"f00cd42\" data-element_type=\"section\">\n\t\t\t\t\t\t<div class=\"elementor-container elementor-column-gap-default\">\n\t\t\t\t\t<div class=\"elementor-column elementor-col-25 elementor-top-column elementor-element elementor-element-2e55014\" data-id=\"2e55014\" data-element_type=\"column\">\n\t\t\t<div class=\"elementor-widget-wrap elementor-element-populated\">\n\t\t\t\t\t\t\t\t<div class=\"elementor-element elementor-element-a29d6e9 elementor-widget elementor-widget-image\" data-id=\"a29d6e9\" data-element_type=\"widget\" data-widget_type=\"image.default\">\n\t\t\t\t<div class=\"elementor-widget-container\">\n\t\t\t<style>\/*! elementor - v3.6.5 - 27-04-2022 *\/\n.elementor-widget-image{text-align:center}.elementor-widget-image a{display:inline-block}.elementor-widget-image a img[src$=\".svg\"]{width:48px}.elementor-widget-image img{vertical-align:middle;display:inline-block}<\/style>\t\t\t\t\t\t\t\t\t\t\t\t<img decoding=\"async\" width=\"93\" height=\"100\" src=\"https:\/\/www.amaclinicadamulher.com.br\/wp-content\/uploads\/2022\/05\/icone-AMA.png\" class=\"attachment-full size-full\" alt=\"\" \/>\t\t\t\t\t\t\t\t\t\t\t\t\t\t\t<\/div>\n\t\t\t\t<\/div>\n\t\t\t\t\t<\/div>\n\t\t<\/div>\n\t\t\t\t<div class=\"elementor-column elementor-col-25 elementor-top-column elementor-element elementor-element-963f426\" data-id=\"963f426\" data-element_type=\"column\">\n\t\t\t<div class=\"elementor-widget-wrap elementor-element-populated\">\n\t\t\t\t\t\t\t\t<div class=\"elementor-element elementor-element-ca63442 elementor-widget elementor-widget-hub_fancy_heading lqd-el-has-inner-anim\" data-id=\"ca63442\" data-element_type=\"widget\" data-settings=\"{&quot;enable_split&quot;:&quot;true&quot;,&quot;split_type&quot;:&quot;lines&quot;}\" data-widget_type=\"hub_fancy_heading.default\">\n\t\t\t\t<div class=\"elementor-widget-container\">\n\t\t\t\n\t\t<div id=\"ld-fancy-heading-69f2f8067c734\" class=\"ld-fancy-heading pos-rel\">\n\t\t\t<h1 class=\"ld-fh-element d-inline-block pos-rel elementor-heading-title lqd-highlight-classic lqd-highlight-grow-left lqd-split-lines h1\"  data-split-text=\"true\" data-split-options='{\"type\":\"lines\"}'> Tire suas d\u00favidas<br> sobre as principais especialidades atendidas na AMA<\/h1>\t\t<\/div>\n\n\t\t\t\t<\/div>\n\t\t\t\t<\/div>\n\t\t\t\t\t<\/div>\n\t\t<\/div>\n\t\t\t\t<div class=\"elementor-column elementor-col-25 elementor-top-column elementor-element elementor-element-aa2e522\" data-id=\"aa2e522\" data-element_type=\"column\">\n\t\t\t<div class=\"elementor-widget-wrap elementor-element-populated\">\n\t\t\t\t\t\t\t\t<div class=\"elementor-element elementor-element-16b04d6 elementor-widget elementor-widget-hub_fancy_heading lqd-el-has-inner-anim\" data-id=\"16b04d6\" data-element_type=\"widget\" data-settings=\"{&quot;enable_split&quot;:&quot;true&quot;,&quot;split_type&quot;:&quot;lines&quot;}\" data-widget_type=\"hub_fancy_heading.default\">\n\t\t\t\t<div class=\"elementor-widget-container\">\n\t\t\t\n\t\t<div id=\"ld-fancy-heading-69f2f8067f278\" class=\"ld-fancy-heading pos-rel\">\n\t\t\t<p class=\"ld-fh-element d-inline-block pos-rel lqd-highlight-classic lqd-highlight-grow-left lqd-split-lines p\"  data-split-text=\"true\" data-split-options='{\"type\":\"lines\"}'> Perguntas e respostas sobre Ginecologia, Obstetr\u00edcia e Mastologia para sanar principais d\u00favidas que s\u00e3o questionada na consulta. Ainda tem d\u00favidas? Entre em contato conosco.<\/p>\t\t<\/div>\n\n\t\t\t\t<\/div>\n\t\t\t\t<\/div>\n\t\t\t\t\t<\/div>\n\t\t<\/div>\n\t\t\t\t<div class=\"elementor-column elementor-col-25 elementor-top-column elementor-element elementor-element-6079635\" data-id=\"6079635\" data-element_type=\"column\">\n\t\t\t<div class=\"elementor-widget-wrap\">\n\t\t\t\t\t\t\t\t\t<\/div>\n\t\t<\/div>\n\t\t\t\t\t\t\t<\/div>\n\t\t<\/section>\n\t\t\t\t<section data-particle_enable=\"false\" data-particle-mobile-disabled=\"false\" class=\"elementor-section elementor-top-section elementor-element elementor-element-2c178c0 elementor-section-boxed elementor-section-height-default elementor-section-height-default\" data-id=\"2c178c0\" data-element_type=\"section\">\n\t\t\t\t\t\t<div class=\"elementor-container elementor-column-gap-default\">\n\t\t\t\t\t<div class=\"elementor-column elementor-col-50 elementor-top-column elementor-element elementor-element-74077bf\" data-id=\"74077bf\" data-element_type=\"column\">\n\t\t\t<div class=\"elementor-widget-wrap\">\n\t\t\t\t\t\t\t\t\t<\/div>\n\t\t<\/div>\n\t\t\t\t<div class=\"elementor-column elementor-col-50 elementor-top-column elementor-element elementor-element-8e6f233\" data-id=\"8e6f233\" data-element_type=\"column\">\n\t\t\t<div class=\"elementor-widget-wrap elementor-element-populated\">\n\t\t\t\t\t\t\t\t<div class=\"elementor-element elementor-element-29df322 elementor-widget elementor-widget-ld_accordion\" data-id=\"29df322\" data-element_type=\"widget\" data-widget_type=\"ld_accordion.default\">\n\t\t\t\t<div class=\"elementor-widget-container\">\n\t\t\t\n\t\t<div class=\"accordion accordion-title-underlined accordion-xs\" id=\"accordion-69f2f806848ba\" role=\"tablist\" aria-multiselectable=\"true\">\n\t\t\t\t\t\t\t\t\t\t\t\t<div class=\"accordion-item panel  active\">\n\t\t\t\t\n\t\t\t\t<div class=\"accordion-heading\" role=\"tab\" id=\"heading-4391\">\n\t\t\t\t<h4 class=\"accordion-title\">\n\t\t\t\t\t<a class=\"\" role=\"button\" data-toggle=\"collapse\" \n\t\t\t\t\tdata-parent=\"#accordion-69f2f806848ba\" href=\"#collapse-4391\" \n\t\t\t\t\taria-expanded=\"true\" aria-controls=\"collapse-4391\">\n\t\t\t\t\t\t\t\t\t\t\t\t<span class=\"accordion-title-txt\">1- O que \u00e9 Ginecologia?<\/span>\n\t\t\t\t\t\t\t\t\t\t\t\t\t<span class=\"accordion-expander\"><i class=\"fas fa-plus\"><\/i><i class=\"fas fa-minus\"><\/i><\/span>\t\t\t\t\t\t\t\t\t\t\t<\/a>\n\t\t\t\t<\/h4>\n\t\t\t\t<\/div>\n\t\t\t\t\n\t\t\t\t<div id=\"collapse-4391\" class=\"accordion-collapse collapse  in\" role=\"tabpanel\" aria-labelledby=\"heading-4391\">\n\n\t\t\t\t<div class=\"accordion-content\">\n\t\t\t\t\t<p>A Ginecologia \u00e9 a especialidade m\u00e9dica respons\u00e1vel por cuidar da sa\u00fade da mulher. Mais especificamente, a que trata o aparelho genital feminino, como o ov\u00e1rio, \u00fatero, vagina e tamb\u00e9m mamas. As consultas ginecol\u00f3gicas t\u00eam como finalidade o diagn\u00f3stico e o tratamento de doen\u00e7as relacionadas a essa parte do corpo, sendo as principais delas o cisto ovariano, infertilidade, dores durante a rela\u00e7\u00e3o sexual, corrimento, amenorreia (aus\u00eancia de menstrua\u00e7\u00e3o), suspeitas de gravidez, vaginites, etc.<\/p>\t\t\t\t<\/div>\n\t\t\t\t\t\t\n\t\t\t\t<\/div>\n\t\t\t\t\n\t\t\t<\/div>\n\t\t\t\t\t\t\t\t\t<div class=\"accordion-item panel \">\n\t\t\t\t\n\t\t\t\t<div class=\"accordion-heading\" role=\"tab\" id=\"heading-4392\">\n\t\t\t\t<h4 class=\"accordion-title\">\n\t\t\t\t\t<a class=\"collapsed\" role=\"button\" data-toggle=\"collapse\" \n\t\t\t\t\tdata-parent=\"#accordion-69f2f806848ba\" href=\"#collapse-4392\" \n\t\t\t\t\taria-expanded=\"false\" aria-controls=\"collapse-4392\">\n\t\t\t\t\t\t\t\t\t\t\t\t<span class=\"accordion-title-txt\">2- O que faz o m\u00e9dico Ginecologista<\/span>\n\t\t\t\t\t\t\t\t\t\t\t\t\t<span class=\"accordion-expander\"><i class=\"fas fa-plus\"><\/i><i class=\"fas fa-minus\"><\/i><\/span>\t\t\t\t\t\t\t\t\t\t\t<\/a>\n\t\t\t\t<\/h4>\n\t\t\t\t<\/div>\n\t\t\t\t\n\t\t\t\t<div id=\"collapse-4392\" class=\"accordion-collapse collapse \" role=\"tabpanel\" aria-labelledby=\"heading-4392\">\n\n\t\t\t\t<div class=\"accordion-content\">\n\t\t\t\t\t<p>O Ginecologista \u00e9 o m\u00e9dico especialista em ginecologia, dedicado a estudar, realizar consultas, indicar tratamentos e medica\u00e7\u00f5es, e corrigir todas as enfermidades que possam estar associadas \u00e0 sa\u00fade \u00edntima feminina. Esse profissional tamb\u00e9m \u00e9 respons\u00e1vel por detectar precocemente dist\u00farbios que atingem o aparelho reprodutor feminino.<\/p>\t\t\t\t<\/div>\n\t\t\t\t\t\t\n\t\t\t\t<\/div>\n\t\t\t\t\n\t\t\t<\/div>\n\t\t\t\t\t\t\t\t\t<div class=\"accordion-item panel \">\n\t\t\t\t\n\t\t\t\t<div class=\"accordion-heading\" role=\"tab\" id=\"heading-4393\">\n\t\t\t\t<h4 class=\"accordion-title\">\n\t\t\t\t\t<a class=\"collapsed\" role=\"button\" data-toggle=\"collapse\" \n\t\t\t\t\tdata-parent=\"#accordion-69f2f806848ba\" href=\"#collapse-4393\" \n\t\t\t\t\taria-expanded=\"false\" aria-controls=\"collapse-4393\">\n\t\t\t\t\t\t\t\t\t\t\t\t<span class=\"accordion-title-txt\">3- Quando devo procurar um m\u00e9dico Ginecologista?<\/span>\n\t\t\t\t\t\t\t\t\t\t\t\t\t<span class=\"accordion-expander\"><i class=\"fas fa-plus\"><\/i><i class=\"fas fa-minus\"><\/i><\/span>\t\t\t\t\t\t\t\t\t\t\t<\/a>\n\t\t\t\t<\/h4>\n\t\t\t\t<\/div>\n\t\t\t\t\n\t\t\t\t<div id=\"collapse-4393\" class=\"accordion-collapse collapse \" role=\"tabpanel\" aria-labelledby=\"heading-4393\">\n\n\t\t\t\t<div class=\"accordion-content\">\n\t\t\t\t\t<p>Toda mulher deve consultar um ginecologista ao menos duas vezes ao ano, para realizar exames de rotina. Al\u00e9m disso, qualquer desconforto ligado ao sistema reprodutivo, m\u00e9todos contraceptivos, exame das mamas, d\u00favidas sobre gravidez, quest\u00f5es hormonais relacionadas a ciclo menstrual e menopausa merecem o acompanhamento m\u00e9dico.<\/p>\t\t\t\t<\/div>\n\t\t\t\t\t\t\n\t\t\t\t<\/div>\n\t\t\t\t\n\t\t\t<\/div>\n\t\t\t\t\t\t\t\t\t<div class=\"accordion-item panel \">\n\t\t\t\t\n\t\t\t\t<div class=\"accordion-heading\" role=\"tab\" id=\"heading-4394\">\n\t\t\t\t<h4 class=\"accordion-title\">\n\t\t\t\t\t<a class=\"collapsed\" role=\"button\" data-toggle=\"collapse\" \n\t\t\t\t\tdata-parent=\"#accordion-69f2f806848ba\" href=\"#collapse-4394\" \n\t\t\t\t\taria-expanded=\"false\" aria-controls=\"collapse-4394\">\n\t\t\t\t\t\t\t\t\t\t\t\t<span class=\"accordion-title-txt\">4- O que \u00e9 Obstetr\u00edcia?<\/span>\n\t\t\t\t\t\t\t\t\t\t\t\t\t<span class=\"accordion-expander\"><i class=\"fas fa-plus\"><\/i><i class=\"fas fa-minus\"><\/i><\/span>\t\t\t\t\t\t\t\t\t\t\t<\/a>\n\t\t\t\t<\/h4>\n\t\t\t\t<\/div>\n\t\t\t\t\n\t\t\t\t<div id=\"collapse-4394\" class=\"accordion-collapse collapse \" role=\"tabpanel\" aria-labelledby=\"heading-4394\">\n\n\t\t\t\t<div class=\"accordion-content\">\n\t\t\t\t\t<p>Obstetr\u00edcia \u00e9 a especialidade m\u00e9dica que atua no cuidado das gestantes. O profissional desta \u00e1rea acompanha os aspectos fisiol\u00f3gicos e patol\u00f3gicos da gravidez, do pr\u00e9-natal ao p\u00f3s-parto.<\/p>\t\t\t\t<\/div>\n\t\t\t\t\t\t\n\t\t\t\t<\/div>\n\t\t\t\t\n\t\t\t<\/div>\n\t\t\t\t\t\t\t\t\t<div class=\"accordion-item panel \">\n\t\t\t\t\n\t\t\t\t<div class=\"accordion-heading\" role=\"tab\" id=\"heading-4395\">\n\t\t\t\t<h4 class=\"accordion-title\">\n\t\t\t\t\t<a class=\"collapsed\" role=\"button\" data-toggle=\"collapse\" \n\t\t\t\t\tdata-parent=\"#accordion-69f2f806848ba\" href=\"#collapse-4395\" \n\t\t\t\t\taria-expanded=\"false\" aria-controls=\"collapse-4395\">\n\t\t\t\t\t\t\t\t\t\t\t\t<span class=\"accordion-title-txt\">5- O que faz um m\u00e9dico Obstetra?<\/span>\n\t\t\t\t\t\t\t\t\t\t\t\t\t<span class=\"accordion-expander\"><i class=\"fas fa-plus\"><\/i><i class=\"fas fa-minus\"><\/i><\/span>\t\t\t\t\t\t\t\t\t\t\t<\/a>\n\t\t\t\t<\/h4>\n\t\t\t\t<\/div>\n\t\t\t\t\n\t\t\t\t<div id=\"collapse-4395\" class=\"accordion-collapse collapse \" role=\"tabpanel\" aria-labelledby=\"heading-4395\">\n\n\t\t\t\t<div class=\"accordion-content\">\n\t\t\t\t\t<p>O\u00a0obstetra\u00a0\u00e9 quem passa e analisa os exames pr\u00e9-natais para garantir a seguran\u00e7a, bem-estar e sa\u00fade da m\u00e3e e do feto. O profissional lida com aspectos patol\u00f3gicos e fisiol\u00f3gicos. O obstetra realiza consultas, orienta e aconselha a mulher e familiares ao longo do per\u00edodo gestacional, realiza o parto e cuida da mulher e da crian\u00e7a durante o puerp\u00e9rio.\u00a0<\/p>\t\t\t\t<\/div>\n\t\t\t\t\t\t\n\t\t\t\t<\/div>\n\t\t\t\t\n\t\t\t<\/div>\n\t\t\t\t\t\t\t\t\t<div class=\"accordion-item panel \">\n\t\t\t\t\n\t\t\t\t<div class=\"accordion-heading\" role=\"tab\" id=\"heading-4396\">\n\t\t\t\t<h4 class=\"accordion-title\">\n\t\t\t\t\t<a class=\"collapsed\" role=\"button\" data-toggle=\"collapse\" \n\t\t\t\t\tdata-parent=\"#accordion-69f2f806848ba\" href=\"#collapse-4396\" \n\t\t\t\t\taria-expanded=\"false\" aria-controls=\"collapse-4396\">\n\t\t\t\t\t\t\t\t\t\t\t\t<span class=\"accordion-title-txt\">6- Quando devo procurar um m\u00e9dico Obstetra?<\/span>\n\t\t\t\t\t\t\t\t\t\t\t\t\t<span class=\"accordion-expander\"><i class=\"fas fa-plus\"><\/i><i class=\"fas fa-minus\"><\/i><\/span>\t\t\t\t\t\t\t\t\t\t\t<\/a>\n\t\t\t\t<\/h4>\n\t\t\t\t<\/div>\n\t\t\t\t\n\t\t\t\t<div id=\"collapse-4396\" class=\"accordion-collapse collapse \" role=\"tabpanel\" aria-labelledby=\"heading-4396\">\n\n\t\t\t\t<div class=\"accordion-content\">\n\t\t\t\t\t<p>A primeira consulta acontece por volta da s\u00e9tima semana de gravidez, contada a partir da data da \u00faltima menstrua\u00e7\u00e3o. Em outros casos, quando a mulher j\u00e1 planeja engravidar, ela pode contar com o acompanhamento do ginecologista\u00a0obstetra\u00a0antes mesmo da concep\u00e7\u00e3o, uma alternativa interessante.<\/p>\t\t\t\t<\/div>\n\t\t\t\t\t\t\n\t\t\t\t<\/div>\n\t\t\t\t\n\t\t\t<\/div>\n\t\t\t\t\t\t\t\t\t<div class=\"accordion-item panel \">\n\t\t\t\t\n\t\t\t\t<div class=\"accordion-heading\" role=\"tab\" id=\"heading-4397\">\n\t\t\t\t<h4 class=\"accordion-title\">\n\t\t\t\t\t<a class=\"collapsed\" role=\"button\" data-toggle=\"collapse\" \n\t\t\t\t\tdata-parent=\"#accordion-69f2f806848ba\" href=\"#collapse-4397\" \n\t\t\t\t\taria-expanded=\"false\" aria-controls=\"collapse-4397\">\n\t\t\t\t\t\t\t\t\t\t\t\t<span class=\"accordion-title-txt\">7- O que \u00e9 Mastologia?<\/span>\n\t\t\t\t\t\t\t\t\t\t\t\t\t<span class=\"accordion-expander\"><i class=\"fas fa-plus\"><\/i><i class=\"fas fa-minus\"><\/i><\/span>\t\t\t\t\t\t\t\t\t\t\t<\/a>\n\t\t\t\t<\/h4>\n\t\t\t\t<\/div>\n\t\t\t\t\n\t\t\t\t<div id=\"collapse-4397\" class=\"accordion-collapse collapse \" role=\"tabpanel\" aria-labelledby=\"heading-4397\">\n\n\t\t\t\t<div class=\"accordion-content\">\n\t\t\t\t\t<p>A Mastologia \u00e9 uma \u00e1rea da medicina que trata das doen\u00e7as relacionadas \u00e0s mamas e gl\u00e2ndulas mam\u00e1rias de mulheres e homens. O m\u00e9dico especialista em mastologia realiza o diagn\u00f3stico e o tratamento de doen\u00e7as que atingem a mama.<\/p>\t\t\t\t<\/div>\n\t\t\t\t\t\t\n\t\t\t\t<\/div>\n\t\t\t\t\n\t\t\t<\/div>\n\t\t\t\t\t\t\t\t\t<div class=\"accordion-item panel \">\n\t\t\t\t\n\t\t\t\t<div class=\"accordion-heading\" role=\"tab\" id=\"heading-4398\">\n\t\t\t\t<h4 class=\"accordion-title\">\n\t\t\t\t\t<a class=\"collapsed\" role=\"button\" data-toggle=\"collapse\" \n\t\t\t\t\tdata-parent=\"#accordion-69f2f806848ba\" href=\"#collapse-4398\" \n\t\t\t\t\taria-expanded=\"false\" aria-controls=\"collapse-4398\">\n\t\t\t\t\t\t\t\t\t\t\t\t<span class=\"accordion-title-txt\">8- O que faz um m\u00e9dico Mastologista?<\/span>\n\t\t\t\t\t\t\t\t\t\t\t\t\t<span class=\"accordion-expander\"><i class=\"fas fa-plus\"><\/i><i class=\"fas fa-minus\"><\/i><\/span>\t\t\t\t\t\t\t\t\t\t\t<\/a>\n\t\t\t\t<\/h4>\n\t\t\t\t<\/div>\n\t\t\t\t\n\t\t\t\t<div id=\"collapse-4398\" class=\"accordion-collapse collapse \" role=\"tabpanel\" aria-labelledby=\"heading-4398\">\n\n\t\t\t\t<div class=\"accordion-content\">\n\t\t\t\t\t<p>O mastologista \u00e9 o m\u00e9dico respons\u00e1vel por realizar cirurgias, prescrever tratamentos, medicamentos e corre\u00e7\u00f5es para os problemas mam\u00e1rios. O m\u00e9dico mastologista sempre alerta o seu paciente sobre a preven\u00e7\u00e3o e detec\u00e7\u00e3o precoce de determinadas doen\u00e7as da mama ou at\u00e9 do organismo que, quando tratadas no momento certo, ir\u00e3o garantir menores ou nenhum preju\u00edzo futuro.<\/p>\t\t\t\t<\/div>\n\t\t\t\t\t\t\n\t\t\t\t<\/div>\n\t\t\t\t\n\t\t\t<\/div>\n\t\t\t\t\t\t\t\t\t<div class=\"accordion-item panel \">\n\t\t\t\t\n\t\t\t\t<div class=\"accordion-heading\" role=\"tab\" id=\"heading-4399\">\n\t\t\t\t<h4 class=\"accordion-title\">\n\t\t\t\t\t<a class=\"collapsed\" role=\"button\" data-toggle=\"collapse\" \n\t\t\t\t\tdata-parent=\"#accordion-69f2f806848ba\" href=\"#collapse-4399\" \n\t\t\t\t\taria-expanded=\"false\" aria-controls=\"collapse-4399\">\n\t\t\t\t\t\t\t\t\t\t\t\t<span class=\"accordion-title-txt\">9- Quando devo procurar um mastologista?<\/span>\n\t\t\t\t\t\t\t\t\t\t\t\t\t<span class=\"accordion-expander\"><i class=\"fas fa-plus\"><\/i><i class=\"fas fa-minus\"><\/i><\/span>\t\t\t\t\t\t\t\t\t\t\t<\/a>\n\t\t\t\t<\/h4>\n\t\t\t\t<\/div>\n\t\t\t\t\n\t\t\t\t<div id=\"collapse-4399\" class=\"accordion-collapse collapse \" role=\"tabpanel\" aria-labelledby=\"heading-4399\">\n\n\t\t\t\t<div class=\"accordion-content\">\n\t\t\t\t\t<p>Deve-se consultar um (a) mastologista quando houver suspeita ou diagn\u00f3stico de alguma altera\u00e7\u00e3o nas mamas. \u00c9 comum m\u00e9dicos de outras especialidades indicarem, para esse especialista, pacientes que relatam algum desconforto nas mamas.<\/p>\t\t\t\t<\/div>\n\t\t\t\t\t\t\n\t\t\t\t<\/div>\n\t\t\t\t\n\t\t\t<\/div>\n\t\t\t\t\t\t\n\t\t<\/div>\n\n\t\t\t\t<\/div>\n\t\t\t\t<\/div>\n\t\t\t\t\t<\/div>\n\t\t<\/div>\n\t\t\t\t\t\t\t<\/div>\n\t\t<\/section>\n\t\t\t\t\t\t\t<\/div>\n\t\t","protected":false},"excerpt":{"rendered":"<p>Tire suas d\u00favidas sobre as principais especialidades atendidas na AMA Perguntas e respostas sobre Ginecologia, Obstetr\u00edcia e Mastologia para sanar principais d\u00favidas que s\u00e3o questionada na consulta. Ainda tem d\u00favidas? Entre em contato conosco. 1- O que \u00e9 Ginecologia? A Ginecologia \u00e9 a especialidade m\u00e9dica respons\u00e1vel por cuidar da sa\u00fade da mulher. Mais especificamente, a [&hellip;]<\/p>\n","protected":false},"author":1,"featured_media":0,"parent":0,"menu_order":0,"comment_status":"closed","ping_status":"closed","template":"","meta":{"_joinchat":[],"footnotes":""},"class_list":["post-10886","page","type-page","status-publish","hentry"],"yoast_head":"<!-- This site is optimized with the Yoast SEO plugin v21.8 - https:\/\/yoast.com\/wordpress\/plugins\/seo\/ -->\n<title>Perguntas Frequentes - AMA<\/title>\n<meta name=\"robots\" content=\"index, follow, max-snippet:-1, max-image-preview:large, max-video-preview:-1\" \/>\n<link rel=\"canonical\" href=\"https:\/\/www.amaclinicadamulher.com.br\/?page_id=10886\" \/>\n<meta property=\"og:locale\" content=\"pt_BR\" \/>\n<meta property=\"og:type\" content=\"article\" \/>\n<meta property=\"og:title\" content=\"Perguntas Frequentes - AMA\" \/>\n<meta property=\"og:description\" content=\"Tire suas d\u00favidas sobre as principais especialidades atendidas na AMA Perguntas e respostas sobre Ginecologia, Obstetr\u00edcia e Mastologia para sanar principais d\u00favidas que s\u00e3o questionada na consulta. Ainda tem d\u00favidas? Entre em contato conosco. 1- O que \u00e9 Ginecologia? A Ginecologia \u00e9 a especialidade m\u00e9dica respons\u00e1vel por cuidar da sa\u00fade da mulher. Mais especificamente, a [&hellip;]\" \/>\n<meta property=\"og:url\" content=\"https:\/\/www.amaclinicadamulher.com.br\/?page_id=10886\" \/>\n<meta property=\"og:site_name\" content=\"AMA\" \/>\n<meta property=\"article:modified_time\" content=\"2022-06-07T18:05:17+00:00\" \/>\n<meta property=\"og:image\" content=\"https:\/\/amaginecologiaeobstetricia.com.br\/wp-content\/uploads\/2022\/05\/icone-AMA.png\" \/>\n<meta name=\"twitter:card\" content=\"summary_large_image\" \/>\n<meta name=\"twitter:label1\" content=\"Est. tempo de leitura\" \/>\n\t<meta name=\"twitter:data1\" content=\"3 minutos\" \/>\n<script type=\"application\/ld+json\" class=\"yoast-schema-graph\">{\"@context\":\"https:\/\/schema.org\",\"@graph\":[{\"@type\":\"WebPage\",\"@id\":\"https:\/\/www.amaclinicadamulher.com.br\/?page_id=10886\",\"url\":\"https:\/\/www.amaclinicadamulher.com.br\/?page_id=10886\",\"name\":\"Perguntas Frequentes - AMA\",\"isPartOf\":{\"@id\":\"https:\/\/www.amaclinicadamulher.com.br\/#website\"},\"datePublished\":\"2022-06-07T17:51:22+00:00\",\"dateModified\":\"2022-06-07T18:05:17+00:00\",\"breadcrumb\":{\"@id\":\"https:\/\/www.amaclinicadamulher.com.br\/?page_id=10886#breadcrumb\"},\"inLanguage\":\"pt-BR\",\"potentialAction\":[{\"@type\":\"ReadAction\",\"target\":[\"https:\/\/www.amaclinicadamulher.com.br\/?page_id=10886\"]}]},{\"@type\":\"BreadcrumbList\",\"@id\":\"https:\/\/www.amaclinicadamulher.com.br\/?page_id=10886#breadcrumb\",\"itemListElement\":[{\"@type\":\"ListItem\",\"position\":1,\"name\":\"In\u00edcio\",\"item\":\"https:\/\/www.amaclinicadamulher.com.br\/\"},{\"@type\":\"ListItem\",\"position\":2,\"name\":\"Perguntas Frequentes\"}]},{\"@type\":\"WebSite\",\"@id\":\"https:\/\/www.amaclinicadamulher.com.br\/#website\",\"url\":\"https:\/\/www.amaclinicadamulher.com.br\/\",\"name\":\"AMA\",\"description\":\"Ginecologia e Obstetr\u00edcia - Clinica da Mulher em Goi\u00e2nia - GO\",\"potentialAction\":[{\"@type\":\"SearchAction\",\"target\":{\"@type\":\"EntryPoint\",\"urlTemplate\":\"https:\/\/www.amaclinicadamulher.com.br\/?s={search_term_string}\"},\"query-input\":\"required name=search_term_string\"}],\"inLanguage\":\"pt-BR\"}]}<\/script>\n<!-- \/ Yoast SEO plugin. -->","yoast_head_json":{"title":"Perguntas Frequentes - AMA","robots":{"index":"index","follow":"follow","max-snippet":"max-snippet:-1","max-image-preview":"max-image-preview:large","max-video-preview":"max-video-preview:-1"},"canonical":"https:\/\/www.amaclinicadamulher.com.br\/?page_id=10886","og_locale":"pt_BR","og_type":"article","og_title":"Perguntas Frequentes - AMA","og_description":"Tire suas d\u00favidas sobre as principais especialidades atendidas na AMA Perguntas e respostas sobre Ginecologia, Obstetr\u00edcia e Mastologia para sanar principais d\u00favidas que s\u00e3o questionada na consulta. Ainda tem d\u00favidas? Entre em contato conosco. 1- O que \u00e9 Ginecologia? A Ginecologia \u00e9 a especialidade m\u00e9dica respons\u00e1vel por cuidar da sa\u00fade da mulher. Mais especificamente, a [&hellip;]","og_url":"https:\/\/www.amaclinicadamulher.com.br\/?page_id=10886","og_site_name":"AMA","article_modified_time":"2022-06-07T18:05:17+00:00","og_image":[{"url":"https:\/\/amaginecologiaeobstetricia.com.br\/wp-content\/uploads\/2022\/05\/icone-AMA.png"}],"twitter_card":"summary_large_image","twitter_misc":{"Est. tempo de leitura":"3 minutos"},"schema":{"@context":"https:\/\/schema.org","@graph":[{"@type":"WebPage","@id":"https:\/\/www.amaclinicadamulher.com.br\/?page_id=10886","url":"https:\/\/www.amaclinicadamulher.com.br\/?page_id=10886","name":"Perguntas Frequentes - AMA","isPartOf":{"@id":"https:\/\/www.amaclinicadamulher.com.br\/#website"},"datePublished":"2022-06-07T17:51:22+00:00","dateModified":"2022-06-07T18:05:17+00:00","breadcrumb":{"@id":"https:\/\/www.amaclinicadamulher.com.br\/?page_id=10886#breadcrumb"},"inLanguage":"pt-BR","potentialAction":[{"@type":"ReadAction","target":["https:\/\/www.amaclinicadamulher.com.br\/?page_id=10886"]}]},{"@type":"BreadcrumbList","@id":"https:\/\/www.amaclinicadamulher.com.br\/?page_id=10886#breadcrumb","itemListElement":[{"@type":"ListItem","position":1,"name":"In\u00edcio","item":"https:\/\/www.amaclinicadamulher.com.br\/"},{"@type":"ListItem","position":2,"name":"Perguntas Frequentes"}]},{"@type":"WebSite","@id":"https:\/\/www.amaclinicadamulher.com.br\/#website","url":"https:\/\/www.amaclinicadamulher.com.br\/","name":"AMA","description":"Ginecologia e Obstetr\u00edcia - Clinica da Mulher em Goi\u00e2nia - GO","potentialAction":[{"@type":"SearchAction","target":{"@type":"EntryPoint","urlTemplate":"https:\/\/www.amaclinicadamulher.com.br\/?s={search_term_string}"},"query-input":"required name=search_term_string"}],"inLanguage":"pt-BR"}]}},"_links":{"self":[{"href":"https:\/\/www.amaclinicadamulher.com.br\/index.php?rest_route=\/wp\/v2\/pages\/10886","targetHints":{"allow":["GET"]}}],"collection":[{"href":"https:\/\/www.amaclinicadamulher.com.br\/index.php?rest_route=\/wp\/v2\/pages"}],"about":[{"href":"https:\/\/www.amaclinicadamulher.com.br\/index.php?rest_route=\/wp\/v2\/types\/page"}],"author":[{"embeddable":true,"href":"https:\/\/www.amaclinicadamulher.com.br\/index.php?rest_route=\/wp\/v2\/users\/1"}],"replies":[{"embeddable":true,"href":"https:\/\/www.amaclinicadamulher.com.br\/index.php?rest_route=%2Fwp%2Fv2%2Fcomments&post=10886"}],"version-history":[{"count":4,"href":"https:\/\/www.amaclinicadamulher.com.br\/index.php?rest_route=\/wp\/v2\/pages\/10886\/revisions"}],"predecessor-version":[{"id":10890,"href":"https:\/\/www.amaclinicadamulher.com.br\/index.php?rest_route=\/wp\/v2\/pages\/10886\/revisions\/10890"}],"wp:attachment":[{"href":"https:\/\/www.amaclinicadamulher.com.br\/index.php?rest_route=%2Fwp%2Fv2%2Fmedia&parent=10886"}],"curies":[{"name":"wp","href":"https:\/\/api.w.org\/{rel}","templated":true}]}}